{"id":231,"date":"2024-01-30T15:01:29","date_gmt":"2024-01-30T14:01:29","guid":{"rendered":"https:\/\/helpsap.fr\/?page_id=231"},"modified":"2024-01-30T15:01:29","modified_gmt":"2024-01-30T14:01:29","slug":"assistance-personnelle","status":"publish","type":"page","link":"https:\/\/helpsap.fr\/index.php\/assistance-personnelle\/","title":{"rendered":"Assistance personnelle"},"content":{"rendered":"<p>[et_pb_section fb_built=&#8221;1&#8243; _builder_version=&#8221;4.23.1&#8243; _module_preset=&#8221;default&#8221; use_background_color_gradient=&#8221;on&#8221; background_color_gradient_stops=&#8221;#d0f1e5 0%|#d6edfd 100%&#8221; custom_padding=&#8221;0px||0px|||&#8221; locked=&#8221;off&#8221; global_colors_info=&#8221;{}&#8221; theme_builder_area=&#8221;post_content&#8221;][et_pb_row _builder_version=&#8221;4.23.1&#8243; _module_preset=&#8221;default&#8221; global_colors_info=&#8221;{}&#8221; theme_builder_area=&#8221;post_content&#8221;][et_pb_column type=&#8221;4_4&#8243; _builder_version=&#8221;4.23.1&#8243; _module_preset=&#8221;default&#8221; global_colors_info=&#8221;{}&#8221; theme_builder_area=&#8221;post_content&#8221;][et_pb_image src=&#8221;http:\/\/helpsap.fr\/wp-content\/uploads\/2024\/01\/Prestations.svg&#8221; alt=&#8221;prestations&#8221; title_text=&#8221;Prestations&#8221; align=&#8221;center&#8221; _builder_version=&#8221;4.23.1&#8243; _module_preset=&#8221;default&#8221; module_alignment=&#8221;center&#8221; height=&#8221;100px&#8221; global_colors_info=&#8221;{}&#8221; theme_builder_area=&#8221;post_content&#8221;][\/et_pb_image][\/et_pb_column][\/et_pb_row][\/et_pb_section][et_pb_section fb_built=&#8221;1&#8243; _builder_version=&#8221;4.23.1&#8243; _module_preset=&#8221;default&#8221; global_colors_info=&#8221;{}&#8221; theme_builder_area=&#8221;post_content&#8221;][et_pb_row _builder_version=&#8221;4.23.1&#8243; _module_preset=&#8221;default&#8221; global_colors_info=&#8221;{}&#8221; theme_builder_area=&#8221;post_content&#8221;][et_pb_column type=&#8221;4_4&#8243; _builder_version=&#8221;4.23.1&#8243; _module_preset=&#8221;default&#8221; global_colors_info=&#8221;{}&#8221; theme_builder_area=&#8221;post_content&#8221;][et_pb_button button_url=&#8221;@ET-DC@eyJkeW5hbWljIjp0cnVlLCJjb250ZW50IjoicG9zdF9saW5rX3VybF9wYWdlIiwic2V0dGluZ3MiOnsicG9zdF9pZCI6Ijg0In19@&#8221; button_text=&#8221;Nos prestations&#8221; button_alignment=&#8221;left&#8221; _builder_version=&#8221;4.23.1&#8243; _dynamic_attributes=&#8221;button_url&#8221; _module_preset=&#8221;default&#8221; custom_button=&#8221;on&#8221; button_text_size=&#8221;16px&#8221; button_text_color=&#8221;#f6ad8f&#8221; button_border_width=&#8221;0px&#8221; button_border_radius=&#8221;3px&#8221; button_font=&#8221;Poppins||||||||&#8221; button_icon=&#8221;&#x23;||divi||400&#8243; button_icon_placement=&#8221;left&#8221; button_on_hover=&#8221;off&#8221; global_colors_info=&#8221;{}&#8221; theme_builder_area=&#8221;post_content&#8221;][\/et_pb_button][\/et_pb_column][\/et_pb_row][et_pb_row _builder_version=&#8221;4.23.1&#8243; _module_preset=&#8221;default&#8221; locked=&#8221;off&#8221; global_colors_info=&#8221;{}&#8221; theme_builder_area=&#8221;post_content&#8221;][et_pb_column type=&#8221;4_4&#8243; _builder_version=&#8221;4.23.1&#8243; _module_preset=&#8221;default&#8221; global_colors_info=&#8221;{}&#8221; theme_builder_area=&#8221;post_content&#8221;][et_pb_text _builder_version=&#8221;4.23.1&#8243; _module_preset=&#8221;default&#8221; text_font=&#8221;Poppins|800|||||||&#8221; text_text_color=&#8221;#333333&#8243; text_font_size=&#8221;36px&#8221; hover_enabled=&#8221;0&#8243; global_colors_info=&#8221;{}&#8221; theme_builder_area=&#8221;post_content&#8221; sticky_enabled=&#8221;0&#8243;]<\/p>\n<p style=\"text-align: left;\">Aide aux personnes d\u00e9pendantes<\/p>\n<p>[\/et_pb_text][et_pb_text _builder_version=&#8221;4.23.1&#8243; _module_preset=&#8221;default&#8221; text_font=&#8221;Poppins|300|||||||&#8221; text_text_color=&#8221;#333333&#8243; text_font_size=&#8221;16px&#8221; hover_enabled=&#8221;0&#8243; global_colors_info=&#8221;{}&#8221; theme_builder_area=&#8221;post_content&#8221; sticky_enabled=&#8221;0&#8243;]<\/p>\n<p>Help services \u00e0 la personne propose un<span>\u00a0<\/span><b>service d\u2019assistance compl\u00e8te<\/b><span>\u00a0<\/span>pour les<span>\u00a0<\/span><b>personnes \u00e0 mobilit\u00e9 r\u00e9duite<\/b><span>\u00a0<\/span>et pour les<span>\u00a0<\/span><b>personnes atteintes de maladies cognitives<\/b><span>\u00a0<\/span>dans les environs de<span>\u00a0<\/span><b>Toulouse<\/b>.<span class=\"Apple-converted-space\">\u00a0<\/span><\/p>\n<p>Nos<span>\u00a0<\/span><b>employ\u00e9s<\/b><span>\u00a0<\/span>sont disponibles pour<span>\u00a0<\/span><b>aider votre parent<\/b><span>\u00a0<\/span>au moment du coucher et au moment du lever<span>\u00a0<\/span><b>aider<\/b><span>\u00a0<\/span>gr\u00e2ce a une aide au<span>\u00a0<\/span><b>transfert<\/b>. Ils proposent aussi une<span>\u00a0<\/span><b>aide \u00e0 l\u2019habillage<\/b><span>\u00a0<\/span>et au<span>\u00a0<\/span><b>d\u00e9shabillage<\/b>, ainsi qu\u2019un<span>\u00a0<\/span><b>accompagnement pour la toilette<\/b><span>\u00a0<\/span>et les<span>\u00a0<\/span><b>soins d\u2019hygi\u00e8ne corporelle<\/b>.<\/p>\n<p>Par ailleurs, notre<span>\u00a0<\/span><b>agence de service \u00e0 domicile help<\/b><span>\u00a0<\/span>se charge des<span>\u00a0<\/span>t\u00e2ches quotidiennes<span>\u00a0<\/span>(cuisine, m\u00e9nage, lessive, repassage) afin de garantir un<span>\u00a0<\/span><b>bien-\u00eatre optimal<\/b><span>\u00a0<\/span>\u00e0 vos proches. Nous apportons aussi une<span>\u00a0<\/span><b>aide \u00e0 la prise des repas<\/b>. En revanche, Help services \u00e0 la personne ne propose pas de soins sanitaires (soins infirmiers, piq\u00fbres, pansements et bandages).<\/p>\n<p>L\u2019un de vos proches a \u00e9t\u00e9<span>\u00a0<\/span><b>victime d\u2019un accident<\/b><span>\u00a0<\/span>et subit d\u00e9sormais un<span>\u00a0<\/span><b>handicap<\/b>\u00a0? Faites appel \u00e0 notre<span>\u00a0<\/span><b>agence de service \u00e0 domicile<\/b><span>\u00a0<\/span>afin de trouver la<span>\u00a0<\/span><b>formule d\u2019assistance<\/b><span>\u00a0<\/span>qui lui convient.<span>\u00a0<\/span><a href=\"https:\/\/web.archive.org\/web\/20211203065311\/https:\/\/www.cassioppee.fr\/surveillance-jour-nuit-personnes-agees-et-personnes-mobilite-reduite\/\">De jour comme de nuit<\/a>, un<span>\u00a0<\/span><b>de nos employ\u00e9<\/b><span>\u00a0<\/span>est disponible pour<span>\u00a0<\/span><b>assister votre parent<\/b><span>\u00a0<\/span>et pour lui<span>\u00a0<\/span><b>apporter<\/b><span>\u00a0<\/span>le<span>\u00a0<\/span><b>soutien<\/b><span>\u00a0<\/span>et l\u2019<b>aide<\/b><span>\u00a0<\/span>dont il a besoin.<\/p>\n<p>[\/et_pb_text][et_pb_text _builder_version=&#8221;4.23.1&#8243; _module_preset=&#8221;default&#8221; text_font=&#8221;Poppins|800|||||||&#8221; text_text_color=&#8221;#333333&#8243; text_font_size=&#8221;26px&#8221; hover_enabled=&#8221;0&#8243; global_colors_info=&#8221;{}&#8221; theme_builder_area=&#8221;post_content&#8221; sticky_enabled=&#8221;0&#8243;]<\/p>\n<p style=\"text-align: left;\">Une large gamme de services \u00e0 domicile<\/p>\n<p>[\/et_pb_text][et_pb_text _builder_version=&#8221;4.23.1&#8243; _module_preset=&#8221;default&#8221; text_font=&#8221;Poppins|300|||||||&#8221; text_text_color=&#8221;#333333&#8243; text_font_size=&#8221;16px&#8221; hover_enabled=&#8221;0&#8243; global_colors_info=&#8221;{}&#8221; theme_builder_area=&#8221;post_content&#8221; sticky_enabled=&#8221;0&#8243;]<\/p>\n<p><span>Chez Help services \u00e0 la personne, l\u2019humain est au c\u0153ur de nos pr\u00e9occupations. C\u2019est ainsi que nous mettons \u00e0 votre disposition une large gamme de\u00a0<\/span><b>services \u00e0 la personne<\/b><span>. Vous pouvez nous confier entre autres\u00a0<\/span><a href=\"https:\/\/web.archive.org\/web\/20211203065311\/https:\/\/www.help-services.eu\/help-services-a-la-personne\/taches-quotidiennes-et-ponctuelles\/entretien-du-domicile.html\">le m\u00e9nage<\/a><span>,\u00a0<\/span><a href=\"https:\/\/web.archive.org\/web\/20211203065311\/https:\/\/www.help-services.eu\/help-services-a-la-personne\/taches-quotidiennes-et-ponctuelles\/nettoyage-et-entretien-du-linge.html\">le repassage<\/a><span>,\u00a0<\/span><a href=\"https:\/\/web.archive.org\/web\/20211203065311\/https:\/\/www.help-services.eu\/help-services-a-la-personne\/taches-quotidiennes-et-ponctuelles\/bricolage-et-petite-maintenance.html\">le bricolage<\/a><span>,\u00a0<\/span><a href=\"https:\/\/web.archive.org\/web\/20211203065311\/https:\/\/www.help-services.eu\/help-services-a-la-personne\/taches-quotidiennes-et-ponctuelles\/jardinage.html\">le jardinage<\/a><span>\u00a0ou<\/span><a href=\"https:\/\/web.archive.org\/web\/20211203065311\/https:\/\/www.help-services.eu\/help-services-a-la-personne\/enfants\/garde-denfants-et-transport.html\"><span>\u00a0<\/span>la garde de votre enfant<\/a><span>. Nous restons\u00a0<\/span><b>discrets<\/b><span>\u00a0dans notre travail\u00a0et proposons par ailleurs des\u00a0<\/span><b>solutions personnalis\u00e9es<\/b><span>\u00a0d\u2019aide \u00e0 la perte d\u2019autonomie aux\u00a0<\/span><b>personnes \u00e2g\u00e9es<\/b><span>.<\/span><\/p>\n<p>[\/et_pb_text][et_pb_text _builder_version=&#8221;4.23.1&#8243; _module_preset=&#8221;default&#8221; text_font=&#8221;Poppins|800|||||||&#8221; text_text_color=&#8221;#333333&#8243; text_font_size=&#8221;26px&#8221; hover_enabled=&#8221;0&#8243; global_colors_info=&#8221;{}&#8221; theme_builder_area=&#8221;post_content&#8221; sticky_enabled=&#8221;0&#8243;]<\/p>\n<p style=\"text-align: left;\">Des aides financ\u00e9es par l&#8217;\u00c9tat<\/p>\n<p>[\/et_pb_text][et_pb_text _builder_version=&#8221;4.23.1&#8243; _module_preset=&#8221;default&#8221; text_font=&#8221;Poppins|300|||||||&#8221; text_text_color=&#8221;#333333&#8243; text_font_size=&#8221;16px&#8221; hover_enabled=&#8221;0&#8243; global_colors_info=&#8221;{}&#8221; theme_builder_area=&#8221;post_content&#8221; sticky_enabled=&#8221;0&#8243;]<\/p>\n<p>Gr\u00e2ce \u00e0 notre<span>\u00a0<\/span><b>agr\u00e9ment avec l\u2019\u00c9tat<\/b><span>\u00a0<\/span>pour nos<span>\u00a0<\/span><b>services \u00e0 la personne<\/b>, nous b\u00e9n\u00e9ficions d\u2019aides financiaires. Ainsi, toutes nos prestations sont d\u00e9ductibles \u00e0 50 % des imp\u00f4ts.<\/p>\n<p>[\/et_pb_text][et_pb_button button_url=&#8221;@ET-DC@eyJkeW5hbWljIjp0cnVlLCJjb250ZW50IjoicG9zdF9saW5rX3VybF9wYWdlIiwic2V0dGluZ3MiOnsicG9zdF9pZCI6IjE0MiJ9fQ==@&#8221; button_text=&#8221;Contactez-nous&#8221; button_alignment=&#8221;left&#8221; _builder_version=&#8221;4.23.1&#8243; _dynamic_attributes=&#8221;button_url&#8221; _module_preset=&#8221;default&#8221; custom_button=&#8221;on&#8221; button_text_size=&#8221;16px&#8221; button_text_color=&#8221;#ffffff&#8221; button_bg_color=&#8221;#f6ad8f&#8221; button_border_radius=&#8221;10px&#8221; button_font=&#8221;Poppins||||||||&#8221; custom_padding=&#8221;10px|20px|10px|20px|true|true&#8221; global_colors_info=&#8221;{}&#8221; theme_builder_area=&#8221;post_content&#8221;][\/et_pb_button][\/et_pb_column][\/et_pb_row][\/et_pb_section]<\/p>\n","protected":false},"excerpt":{"rendered":"<p>Aide aux personnes d\u00e9pendantesHelp services \u00e0 la personne propose un\u00a0service d\u2019assistance compl\u00e8te\u00a0pour les\u00a0personnes \u00e0 mobilit\u00e9 r\u00e9duite\u00a0et pour les\u00a0personnes atteintes de maladies cognitives\u00a0dans les environs de\u00a0Toulouse.\u00a0 Nos\u00a0employ\u00e9s\u00a0sont disponibles pour\u00a0aider votre parent\u00a0au moment du coucher et au moment du lever\u00a0aider\u00a0gr\u00e2ce a une aide au\u00a0transfert. Ils proposent aussi une\u00a0aide \u00e0 l\u2019habillage\u00a0et au\u00a0d\u00e9shabillage, ainsi qu\u2019un\u00a0accompagnement pour la toilette\u00a0et les\u00a0soins [&hellip;]<\/p>\n","protected":false},"author":1,"featured_media":0,"parent":0,"menu_order":0,"comment_status":"closed","ping_status":"closed","template":"","meta":{"_et_pb_use_builder":"on","_et_pb_old_content":"","_et_gb_content_width":"","om_disable_all_campaigns":false,"_monsterinsights_skip_tracking":false,"_monsterinsights_sitenote_active":false,"_monsterinsights_sitenote_note":"","_monsterinsights_sitenote_category":0,"_themeisle_gutenberg_block_has_review":false,"footnotes":""},"aioseo_notices":[],"_links":{"self":[{"href":"https:\/\/helpsap.fr\/index.php\/wp-json\/wp\/v2\/pages\/231"}],"collection":[{"href":"https:\/\/helpsap.fr\/index.php\/wp-json\/wp\/v2\/pages"}],"about":[{"href":"https:\/\/helpsap.fr\/index.php\/wp-json\/wp\/v2\/types\/page"}],"author":[{"embeddable":true,"href":"https:\/\/helpsap.fr\/index.php\/wp-json\/wp\/v2\/users\/1"}],"replies":[{"embeddable":true,"href":"https:\/\/helpsap.fr\/index.php\/wp-json\/wp\/v2\/comments?post=231"}],"version-history":[{"count":2,"href":"https:\/\/helpsap.fr\/index.php\/wp-json\/wp\/v2\/pages\/231\/revisions"}],"predecessor-version":[{"id":233,"href":"https:\/\/helpsap.fr\/index.php\/wp-json\/wp\/v2\/pages\/231\/revisions\/233"}],"wp:attachment":[{"href":"https:\/\/helpsap.fr\/index.php\/wp-json\/wp\/v2\/media?parent=231"}],"curies":[{"name":"wp","href":"https:\/\/api.w.org\/{rel}","templated":true}]}}