{"id":89,"date":"2024-01-16T00:02:15","date_gmt":"2024-01-15T23:02:15","guid":{"rendered":"https:\/\/helpsap.fr\/?page_id=89"},"modified":"2024-02-13T16:40:32","modified_gmt":"2024-02-13T15:40:32","slug":"nos-valeurs","status":"publish","type":"page","link":"https:\/\/helpsap.fr\/index.php\/nos-valeurs\/","title":{"rendered":"Nos valeurs"},"content":{"rendered":"<p>[et_pb_section fb_built=&#8221;1&#8243; _builder_version=&#8221;4.23.1&#8243; _module_preset=&#8221;default&#8221; use_background_color_gradient=&#8221;on&#8221; background_color_gradient_stops=&#8221;#d0f1e5 0%|#d6edfd 100%&#8221; custom_padding=&#8221;0px||0px|||&#8221; locked=&#8221;off&#8221; global_colors_info=&#8221;{}&#8221;][et_pb_row _builder_version=&#8221;4.23.1&#8243; _module_preset=&#8221;default&#8221; global_colors_info=&#8221;{}&#8221;][et_pb_column type=&#8221;4_4&#8243; _builder_version=&#8221;4.23.1&#8243; _module_preset=&#8221;default&#8221; global_colors_info=&#8221;{}&#8221;][et_pb_image src=&#8221;http:\/\/helpsap.fr\/wp-content\/uploads\/2024\/01\/NosValeurs.svg&#8221; alt=&#8221;nos-valeurs&#8221; title_text=&#8221;NosValeurs&#8221; align=&#8221;center&#8221; _builder_version=&#8221;4.23.1&#8243; _module_preset=&#8221;default&#8221; module_alignment=&#8221;center&#8221; height=&#8221;200px&#8221; global_colors_info=&#8221;{}&#8221;][\/et_pb_image][\/et_pb_column][\/et_pb_row][\/et_pb_section][et_pb_section fb_built=&#8221;1&#8243; _builder_version=&#8221;4.23.1&#8243; _module_preset=&#8221;default&#8221; global_colors_info=&#8221;{}&#8221;][et_pb_row _builder_version=&#8221;4.23.1&#8243; _module_preset=&#8221;default&#8221; global_colors_info=&#8221;{}&#8221;][et_pb_column type=&#8221;4_4&#8243; _builder_version=&#8221;4.23.1&#8243; _module_preset=&#8221;default&#8221; global_colors_info=&#8221;{}&#8221;][et_pb_text _builder_version=&#8221;4.23.1&#8243; _module_preset=&#8221;default&#8221; text_font=&#8221;Poppins|800|||||||&#8221; text_text_color=&#8221;#333333&#8243; text_font_size=&#8221;36px&#8221; hover_enabled=&#8221;0&#8243; global_colors_info=&#8221;{}&#8221; custom_css_free_form=&#8221;h1{font-size:40px;||}&#8221; sticky_enabled=&#8221;0&#8243;]<\/p>\n<h1 style=\"text-align: center;\"><strong>Nos valeurs<\/strong><\/h1>\n<p>[\/et_pb_text][et_pb_text _builder_version=&#8221;4.23.1&#8243; _module_preset=&#8221;default&#8221; text_font=&#8221;Poppins|300|||||||&#8221; text_text_color=&#8221;#333333&#8243; text_font_size=&#8221;16px&#8221; global_colors_info=&#8221;{}&#8221;]<\/p>\n<p style=\"text-align: center;\">Help Services \u00e0 la personne est votre <strong>sp\u00e9cialiste du nettoyage \u00e0 Toulouse<\/strong>.<br \/>Forte d\u2019une longue exp\u00e9rience, votre entreprise de nettoyage \u00e0 Toulouse a acquis un <strong>savoir-faire reconnu<\/strong> dans le secteur. Recourir \u00e0 nos services vous garantit un <strong>travail soign\u00e9<\/strong> et un r\u00e9sultat r\u00e9pondant \u00e0 vos exigences.<\/p>\n<p>[\/et_pb_text][\/et_pb_column][\/et_pb_row][et_pb_row _builder_version=&#8221;4.23.1&#8243; _module_preset=&#8221;default&#8221; global_colors_info=&#8221;{}&#8221;][et_pb_column type=&#8221;4_4&#8243; _builder_version=&#8221;4.23.1&#8243; _module_preset=&#8221;default&#8221; global_colors_info=&#8221;{}&#8221;][et_pb_text _builder_version=&#8221;4.23.1&#8243; _module_preset=&#8221;default&#8221; text_font=&#8221;Poppins|700|||||||&#8221; text_text_color=&#8221;#f6ad8f&#8221; text_font_size=&#8221;26px&#8221; global_colors_info=&#8221;{}&#8221;]<\/p>\n<p>Nos engagements<\/p>\n<p>[\/et_pb_text][et_pb_text _builder_version=&#8221;4.23.1&#8243; _module_preset=&#8221;default&#8221; text_font=&#8221;Poppins|300|||||||&#8221; text_text_color=&#8221;#333333&#8243; text_font_size=&#8221;16px&#8221; background_color=&#8221;#f4f4f4&#8243; custom_padding=&#8221;30px|40px|20px|40px|false|true&#8221; border_radii=&#8221;on|10px|10px|10px|10px&#8221; global_colors_info=&#8221;{}&#8221;]<\/p>\n<ul>\n<li>L\u2019emploi de personnel qualifi\u00e9, comp\u00e9tent, et l\u2019assurance d\u2019une formation ad\u00e9quate<\/li>\n<li>Notre r\u00e9activit\u00e9, appr\u00e9ci\u00e9e et reconnue pour son professionnalisme<\/li>\n<li>La polyvalence de nos prestations<\/li>\n<li>Un suivi rigoureux de chacun de nos chantiers<\/li>\n<li>Des clients fid\u00e8les qui nous font confiance<\/li>\n<li>Du mat\u00e9riels derni\u00e8re g\u00e9n\u00e9ration et de qualit\u00e9 professionnelle<\/li>\n<li>Utilisation de produits certifi\u00e9s et labellis\u00e9s, respectueux de l\u2019environnement<\/li>\n<li>Confidentialit\u00e9<\/li>\n<\/ul>\n<p>[\/et_pb_text][et_pb_text _builder_version=&#8221;4.23.1&#8243; _module_preset=&#8221;default&#8221; text_font=&#8221;Poppins|700|||||||&#8221; text_text_color=&#8221;#f6ad8f&#8221; text_font_size=&#8221;26px&#8221; global_colors_info=&#8221;{}&#8221;]<\/p>\n<p>Nos valeurs<\/p>\n<p>[\/et_pb_text][et_pb_text _builder_version=&#8221;4.23.1&#8243; _module_preset=&#8221;default&#8221; text_font=&#8221;Poppins|300|||||||&#8221; text_text_color=&#8221;#333333&#8243; text_font_size=&#8221;16px&#8221; background_color=&#8221;#f4f4f4&#8243; custom_padding=&#8221;30px|40px|20px|40px|false|true&#8221; border_radii=&#8221;on|10px|10px|10px|10px&#8221; global_colors_info=&#8221;{}&#8221;]<\/p>\n<ul>\n<li>Mettre l\u2019\u00e9change au c\u0153ur de notre relation pour mieux anticiper vos besoins<\/li>\n<li>Enrichir le lien qui nous unit par le respect de nos engagements contractuels<\/li>\n<li>Lutter contre l\u2019exclusion sociale et pour la d\u00e9fense de l\u2019environnement<\/li>\n<\/ul>\n<p>[\/et_pb_text][\/et_pb_column][\/et_pb_row][\/et_pb_section]<\/p>\n","protected":false},"excerpt":{"rendered":"<p>Nos valeursHelp Services \u00e0 la personne est votre sp\u00e9cialiste du nettoyage \u00e0 Toulouse.Forte d\u2019une longue exp\u00e9rience, votre entreprise de nettoyage \u00e0 Toulouse a acquis un savoir-faire reconnu dans le secteur. Recourir \u00e0 nos services vous garantit un travail soign\u00e9 et un r\u00e9sultat r\u00e9pondant \u00e0 vos exigences.Nos engagements L\u2019emploi de personnel qualifi\u00e9, comp\u00e9tent, et l\u2019assurance d\u2019une [&hellip;]<\/p>\n","protected":false},"author":1,"featured_media":0,"parent":0,"menu_order":0,"comment_status":"closed","ping_status":"closed","template":"","meta":{"_et_pb_use_builder":"on","_et_pb_old_content":"","_et_gb_content_width":"","om_disable_all_campaigns":false,"_monsterinsights_skip_tracking":false,"_monsterinsights_sitenote_active":false,"_monsterinsights_sitenote_note":"","_monsterinsights_sitenote_category":0,"_themeisle_gutenberg_block_has_review":false,"footnotes":""},"aioseo_notices":[],"_links":{"self":[{"href":"https:\/\/helpsap.fr\/index.php\/wp-json\/wp\/v2\/pages\/89"}],"collection":[{"href":"https:\/\/helpsap.fr\/index.php\/wp-json\/wp\/v2\/pages"}],"about":[{"href":"https:\/\/helpsap.fr\/index.php\/wp-json\/wp\/v2\/types\/page"}],"author":[{"embeddable":true,"href":"https:\/\/helpsap.fr\/index.php\/wp-json\/wp\/v2\/users\/1"}],"replies":[{"embeddable":true,"href":"https:\/\/helpsap.fr\/index.php\/wp-json\/wp\/v2\/comments?post=89"}],"version-history":[{"count":6,"href":"https:\/\/helpsap.fr\/index.php\/wp-json\/wp\/v2\/pages\/89\/revisions"}],"predecessor-version":[{"id":298,"href":"https:\/\/helpsap.fr\/index.php\/wp-json\/wp\/v2\/pages\/89\/revisions\/298"}],"wp:attachment":[{"href":"https:\/\/helpsap.fr\/index.php\/wp-json\/wp\/v2\/media?parent=89"}],"curies":[{"name":"wp","href":"https:\/\/api.w.org\/{rel}","templated":true}]}}